{"id":3158,"date":"2023-06-30T14:22:47","date_gmt":"2023-06-30T12:22:47","guid":{"rendered":"https:\/\/tcs-vd.ch\/blog\/?page_id=3158"},"modified":"2026-04-27T17:02:31","modified_gmt":"2026-04-27T15:02:31","slug":"e-paper","status":"publish","type":"page","link":"https:\/\/tcs-vd.ch\/blog\/e-paper\/","title":{"rendered":"E-paper"},"content":{"rendered":"\n<h3 class=\"wp-block-heading alignwide has-text-align-center has-accent-color has-text-color\">La derni\u00e8re \u00e9dition en version e-paper. Bonne lecture!<\/h3>\n\n\n\n<div class=\"_df_book df-lite\" id=\"df_3154\"  _slug=\"ca-roule-juillet-2023\" data-title=\"ca-roule-mai-2026\" wpoptions=\"true\" thumbtype=\"\" ><\/div><script class=\"df-shortcode-script\" nowprocket type=\"application\/javascript\">window.option_df_3154 = {\"outline\":[],\"backgroundColor\":\"DCCDB2\",\"height\":\"auto\",\"autoEnableOutline\":\"false\",\"autoEnableThumbnail\":\"false\",\"overwritePDFOutline\":\"false\",\"enableDownload\":\"true\",\"direction\":\"1\",\"pageSize\":\"0\",\"maxTextureSize\":\"1800\",\"source\":\"https:\\\/\\\/tcs-vd.ch\\\/blog\\\/wp-content\\\/uploads\\\/2026\\\/04\\\/VD-B-260430-001_high.pdf\",\"wpOptions\":\"true\"}; if(window.DFLIP && window.DFLIP.parseBooks){window.DFLIP.parseBooks();}<\/script>\n\n\n\n<h2 class=\"wp-block-heading has-large-font-size\">Archives<\/h2>\n\n\n\n<div class=\"wp-block-file\"><a id=\"wp-block-file--media-65f2b507-9d98-4699-aec1-0b81867a5768\" href=\"https:\/\/tcs-vd.ch\/blog\/wp-content\/uploads\/2026\/04\/VD-B-260430-001_high.pdf\">\u00e7a roule ! mai 2026<\/a><a href=\"https:\/\/tcs-vd.ch\/blog\/wp-content\/uploads\/2026\/04\/VD-B-260430-001_high.pdf\" class=\"wp-block-file__button wp-element-button\" download aria-describedby=\"wp-block-file--media-65f2b507-9d98-4699-aec1-0b81867a5768\">T\u00e9l\u00e9charger<\/a><\/div>\n\n\n\n<div class=\"wp-block-file\"><a id=\"wp-block-file--media-24ab8266-0e72-4237-b420-34ffd1cc9661\" href=\"https:\/\/tcs-vd.ch\/blog\/wp-content\/uploads\/2023\/06\/VD-B-260326-001_high.pdf\" target=\"_blank\" rel=\"noreferrer noopener\">\u00e7a roule ! avril 2026<\/a><a href=\"https:\/\/tcs-vd.ch\/blog\/wp-content\/uploads\/2023\/06\/VD-B-260326-001_high.pdf\" class=\"wp-block-file__button wp-element-button\" download aria-describedby=\"wp-block-file--media-24ab8266-0e72-4237-b420-34ffd1cc9661\">T\u00e9l\u00e9charger<\/a><\/div>\n\n\n\n<div class=\"wp-block-file\"><a id=\"wp-block-file--media-dea65b76-8774-412a-a253-0ade4f99411d\" href=\"https:\/\/tcs-vd.ch\/blog\/wp-content\/uploads\/2026\/02\/VD-B-260226-001_high.pdf\" target=\"_blank\" rel=\"noreferrer noopener\">\u00e7a roule ! mars 2026<br><\/a><a href=\"https:\/\/tcs-vd.ch\/blog\/wp-content\/uploads\/2026\/02\/VD-B-260226-001_high.pdf\" class=\"wp-block-file__button wp-element-button\" download aria-describedby=\"wp-block-file--media-dea65b76-8774-412a-a253-0ade4f99411d\">T\u00e9l\u00e9charger<\/a><\/div>\n\n\n\n<div class=\"wp-block-file\"><a id=\"wp-block-file--media-d02fc612-54c4-4f7b-9d69-8a66c2b0eed2\" href=\"https:\/\/tcs-vd.ch\/blog\/wp-content\/uploads\/2025\/11\/VD-B-251127-001.pdf\" target=\"_blank\" rel=\"noreferrer noopener\">\u00e7a roule ! d\u00e9cembre 2025 <\/a><a href=\"https:\/\/tcs-vd.ch\/blog\/wp-content\/uploads\/2025\/11\/VD-B-251127-001.pdf\" class=\"wp-block-file__button wp-element-button\" download aria-describedby=\"wp-block-file--media-d02fc612-54c4-4f7b-9d69-8a66c2b0eed2\">T\u00e9l\u00e9charger<\/a><\/div>\n\n\n\n<div class=\"wp-block-file\"><a id=\"wp-block-file--media-0a3e3373-9a52-4b8f-bbd9-b21a2679b5b5\" href=\"https:\/\/tcs-vd.ch\/blog\/wp-content\/uploads\/2023\/06\/0625_VD_HD.pdf\" target=\"_blank\" rel=\"noreferrer noopener\">\u00e7a roule ! novembre 2025<br><\/a><a href=\"https:\/\/tcs-vd.ch\/blog\/wp-content\/uploads\/2023\/06\/0625_VD_HD.pdf\" class=\"wp-block-file__button wp-element-button\" download aria-describedby=\"wp-block-file--media-0a3e3373-9a52-4b8f-bbd9-b21a2679b5b5\">T\u00e9l\u00e9charger<\/a><\/div>\n\n\n\n<div class=\"wp-block-file\"><a id=\"wp-block-file--media-38986a43-f12f-4dca-8bc4-0c9aa238ba30\" href=\"https:\/\/tcs-vd.ch\/blog\/wp-content\/uploads\/2025\/09\/0525_VD_HD.pdf\" target=\"_blank\" rel=\"noreferrer noopener\">\u00e7a roule ! octobre 2025<\/a><a href=\"https:\/\/tcs-vd.ch\/blog\/wp-content\/uploads\/2025\/09\/0525_VD_HD.pdf\" class=\"wp-block-file__button wp-element-button\" download aria-describedby=\"wp-block-file--media-38986a43-f12f-4dca-8bc4-0c9aa238ba30\">T\u00e9l\u00e9charger<\/a><\/div>\n\n\n\n<div class=\"wp-block-file\"><a id=\"wp-block-file--media-290ec802-be5c-4e03-9628-ce134469ff46\" href=\"https:\/\/tcs-vd.ch\/blog\/wp-content\/uploads\/2025\/06\/0425_VD.pdf\" target=\"_blank\" rel=\"noreferrer noopener\">\u00e7a roule ! juillet 2025<\/a><a href=\"https:\/\/tcs-vd.ch\/blog\/wp-content\/uploads\/2025\/06\/0425_VD.pdf\" class=\"wp-block-file__button wp-element-button\" download aria-describedby=\"wp-block-file--media-290ec802-be5c-4e03-9628-ce134469ff46\">T\u00e9l\u00e9charger<\/a><\/div>\n\n\n\n<div class=\"wp-block-file\"><a id=\"wp-block-file--media-7435afba-e39a-4d58-810b-b3d78a9146c6\" href=\"https:\/\/tcs-vd.ch\/blog\/wp-content\/uploads\/2025\/04\/0325_VD_HD.pdf\">\u00e7a roule ! mai 2025<\/a><a href=\"https:\/\/tcs-vd.ch\/blog\/wp-content\/uploads\/2025\/04\/0325_VD_HD.pdf\" class=\"wp-block-file__button wp-element-button\" download aria-describedby=\"wp-block-file--media-7435afba-e39a-4d58-810b-b3d78a9146c6\">T\u00e9l\u00e9charger<\/a><\/div>\n\n\n\n<div class=\"wp-block-file\"><a id=\"wp-block-file--media-17f6fd11-8a6e-48e9-ad3f-0ee4c79667e7\" href=\"https:\/\/tcs-vd.ch\/blog\/wp-content\/uploads\/2025\/04\/0225_VD_HD.pdf\">\u00e7a roule ! avril 2025<\/a><a href=\"https:\/\/tcs-vd.ch\/blog\/wp-content\/uploads\/2025\/04\/0225_VD_HD.pdf\" class=\"wp-block-file__button wp-element-button\" download aria-describedby=\"wp-block-file--media-17f6fd11-8a6e-48e9-ad3f-0ee4c79667e7\">T\u00e9l\u00e9charger<\/a><\/div>\n\n\n\n<div class=\"wp-block-file\"><a id=\"wp-block-file--media-6ba7aa44-0f7d-4ecb-94b3-2e9a87a9faaa\" href=\"https:\/\/tcs-vd.ch\/blog\/wp-content\/uploads\/2025\/02\/0125_VD.pdf\">\u00e7a roule ! mars 2025<\/a><a href=\"https:\/\/tcs-vd.ch\/blog\/wp-content\/uploads\/2025\/02\/0125_VD.pdf\" class=\"wp-block-file__button wp-element-button\" download aria-describedby=\"wp-block-file--media-6ba7aa44-0f7d-4ecb-94b3-2e9a87a9faaa\">T\u00e9l\u00e9charger<\/a><\/div>\n\n\n\n<div class=\"wp-block-file\"><a id=\"wp-block-file--media-20fdbbe1-97d0-42c2-af61-76aaa926ef85\" href=\"https:\/\/tcs-vd.ch\/blog\/wp-content\/uploads\/2024\/11\/1224_VD_high-1.pdf\">\u00e7a roule ! d\u00e9cembre 2024<\/a><a href=\"https:\/\/tcs-vd.ch\/blog\/wp-content\/uploads\/2024\/11\/1224_VD_high-1.pdf\" class=\"wp-block-file__button wp-element-button\" download aria-describedby=\"wp-block-file--media-20fdbbe1-97d0-42c2-af61-76aaa926ef85\">T\u00e9l\u00e9charger<\/a><\/div>\n\n\n\n<div class=\"wp-block-file\"><a id=\"wp-block-file--media-0583aa5a-28c4-4604-b053-918c8dc26fb9\" href=\"https:\/\/tcs-vd.ch\/blog\/wp-content\/uploads\/2023\/06\/1024_VD-high.pdf\">\u00e7a roule ! octobre 2024<\/a><a href=\"https:\/\/tcs-vd.ch\/blog\/wp-content\/uploads\/2023\/06\/1024_VD-high.pdf\" class=\"wp-block-file__button wp-element-button\" download aria-describedby=\"wp-block-file--media-0583aa5a-28c4-4604-b053-918c8dc26fb9\">T\u00e9l\u00e9charger<\/a><\/div>\n\n\n\n<div class=\"wp-block-file\"><a id=\"wp-block-file--media-b1468164-f985-4261-9563-ac1a3e75d2c6\" href=\"https:\/\/tcs-vd.ch\/blog\/wp-content\/uploads\/2023\/06\/0724_VD_high-1.pdf\">\u00e7a roule ! juillet-ao\u00fbt 2024<\/a><a href=\"https:\/\/tcs-vd.ch\/blog\/wp-content\/uploads\/2023\/06\/0724_VD_high-1.pdf\" class=\"wp-block-file__button wp-element-button\" download aria-describedby=\"wp-block-file--media-b1468164-f985-4261-9563-ac1a3e75d2c6\">T\u00e9l\u00e9charger<\/a><\/div>\n\n\n\n<div class=\"wp-block-file\"><a id=\"wp-block-file--media-93fc5cfe-e992-405b-981f-91d3f89e3da0\" href=\"https:\/\/tcs-vd.ch\/blog\/wp-content\/uploads\/2024\/05\/0624_VD_high-2.pdf\">\u00e7a roule ! juin 2024<\/a><a href=\"https:\/\/tcs-vd.ch\/blog\/wp-content\/uploads\/2024\/05\/0624_VD_high-2.pdf\" class=\"wp-block-file__button wp-element-button\" download aria-describedby=\"wp-block-file--media-93fc5cfe-e992-405b-981f-91d3f89e3da0\">T\u00e9l\u00e9charger<\/a><\/div>\n\n\n\n<div class=\"wp-block-file\"><a id=\"wp-block-file--media-0cca2e95-ba44-4ee5-8220-08788e781d75\" href=\"https:\/\/tcs-vd.ch\/blog\/wp-content\/uploads\/2024\/04\/0524_VD_high.pdf\">\u00e7a roule ! mai 2024<br><\/a><a href=\"https:\/\/tcs-vd.ch\/blog\/wp-content\/uploads\/2024\/04\/0524_VD_high.pdf\" class=\"wp-block-file__button wp-element-button\" download aria-describedby=\"wp-block-file--media-0cca2e95-ba44-4ee5-8220-08788e781d75\">T\u00e9l\u00e9charger<\/a><\/div>\n\n\n\n<div class=\"wp-block-file\"><a id=\"wp-block-file--media-ab752a88-0fd4-44ae-9aa7-4bf6301e9e4b\" href=\"https:\/\/tcs-vd.ch\/blog\/wp-content\/uploads\/2024\/03\/0424_VD-high.pdf\">\u00e7a roule ! avril 2024<\/a><a href=\"https:\/\/tcs-vd.ch\/blog\/wp-content\/uploads\/2024\/03\/0424_VD-high.pdf\" class=\"wp-block-file__button wp-element-button\" download aria-describedby=\"wp-block-file--media-ab752a88-0fd4-44ae-9aa7-4bf6301e9e4b\">T\u00e9l\u00e9charger<\/a><\/div>\n\n\n\n<div class=\"wp-block-file\"><a id=\"wp-block-file--media-ab752a88-0fd4-44ae-9aa7-4bf6301e9e4b\" href=\"https:\/\/tcs-vd.ch\/blog\/wp-content\/uploads\/2024\/02\/0324_VD_high.pdf\" target=\"_blank\" rel=\"noreferrer noopener\">\u00e7a roule ! mars 2024<\/a><a href=\"https:\/\/tcs-vd.ch\/blog\/wp-content\/uploads\/2024\/02\/0324_VD_high.pdf\" class=\"wp-block-file__button wp-element-button\" download aria-describedby=\"wp-block-file--media-ab752a88-0fd4-44ae-9aa7-4bf6301e9e4b\">T\u00e9l\u00e9charger<\/a><\/div>\n\n\n\n<div class=\"wp-block-file\"><a id=\"wp-block-file--media-ab752a88-0fd4-44ae-9aa7-4bf6301e9e4b\" href=\"https:\/\/tcs-vd.ch\/blog\/wp-content\/uploads\/2023\/06\/1223_VD_high.pdf\" target=\"_blank\" rel=\"noreferrer noopener\">\u00e7a roule ! d\u00e9cembre-janvier 2024<\/a><a href=\"https:\/\/tcs-vd.ch\/blog\/wp-content\/uploads\/2023\/06\/1223_VD_high.pdf\" class=\"wp-block-file__button wp-element-button\" download aria-describedby=\"wp-block-file--media-ab752a88-0fd4-44ae-9aa7-4bf6301e9e4b\">T\u00e9l\u00e9charger<\/a><\/div>\n\n\n\n<div class=\"wp-block-file\"><a id=\"wp-block-file--media-ab752a88-0fd4-44ae-9aa7-4bf6301e9e4b\" href=\"https:\/\/tcs-vd.ch\/blog\/wp-content\/uploads\/2023\/11\/1023_VD_high.pdf\">\u00e7a roule ! octobre 2023<\/a><a href=\"https:\/\/tcs-vd.ch\/blog\/wp-content\/uploads\/2023\/11\/1023_VD_high.pdf\" class=\"wp-block-file__button wp-element-button\" download aria-describedby=\"wp-block-file--media-ab752a88-0fd4-44ae-9aa7-4bf6301e9e4b\">T\u00e9l\u00e9charger<\/a><\/div>\n\n\n\n<div class=\"wp-block-file\"><a id=\"wp-block-file--media-ab752a88-0fd4-44ae-9aa7-4bf6301e9e4b\" href=\"https:\/\/tcs-vd.ch\/blog\/wp-content\/uploads\/2023\/06\/0723_VD_high.pdf\">\u00e7a roule ! juillet 2023<\/a><a href=\"https:\/\/tcs-vd.ch\/blog\/wp-content\/uploads\/2023\/06\/0723_VD_high.pdf\" class=\"wp-block-file__button wp-element-button\" download aria-describedby=\"wp-block-file--media-ab752a88-0fd4-44ae-9aa7-4bf6301e9e4b\">T\u00e9l\u00e9charger<\/a><\/div>\n\n\n\n<div class=\"wp-block-file\"><a id=\"wp-block-file--media-ab752a88-0fd4-44ae-9aa7-4bf6301e9e4b\" href=\"https:\/\/tcs-vd.ch\/blog\/wp-content\/uploads\/2023\/07\/0623_VD_high.pdf\">\u00e7a roule ! juin 2023<\/a><a href=\"https:\/\/tcs-vd.ch\/blog\/wp-content\/uploads\/2023\/07\/0623_VD_high.pdf\" class=\"wp-block-file__button wp-element-button\" download aria-describedby=\"wp-block-file--media-ab752a88-0fd4-44ae-9aa7-4bf6301e9e4b\">T\u00e9l\u00e9charger<\/a><\/div>\n\n\n\n<div class=\"wp-block-file\"><a id=\"wp-block-file--media-ab752a88-0fd4-44ae-9aa7-4bf6301e9e4b\" href=\"https:\/\/tcs-vd.ch\/blog\/wp-content\/uploads\/2023\/07\/0523_VD_01_high.pdf\">\u00e7a roule ! mai 2023<\/a><a href=\"https:\/\/tcs-vd.ch\/blog\/wp-content\/uploads\/2023\/07\/0523_VD_01_high.pdf\" class=\"wp-block-file__button wp-element-button\" download aria-describedby=\"wp-block-file--media-ab752a88-0fd4-44ae-9aa7-4bf6301e9e4b\">T\u00e9l\u00e9charger<\/a><\/div>\n\n\n\n<div class=\"wp-block-file\"><a id=\"wp-block-file--media-ab752a88-0fd4-44ae-9aa7-4bf6301e9e4b\" href=\"https:\/\/tcs-vd.ch\/blog\/wp-content\/uploads\/2023\/07\/0423_VD_HighEnd.pdf\">\u00e7a roule ! avril 2023<\/a><a href=\"https:\/\/tcs-vd.ch\/blog\/wp-content\/uploads\/2023\/07\/0423_VD_HighEnd.pdf\" class=\"wp-block-file__button wp-element-button\" download aria-describedby=\"wp-block-file--media-ab752a88-0fd4-44ae-9aa7-4bf6301e9e4b\">T\u00e9l\u00e9charger<\/a><\/div>\n\n\n\n<div class=\"wp-block-file\"><a id=\"wp-block-file--media-ab752a88-0fd4-44ae-9aa7-4bf6301e9e4b\" href=\"https:\/\/tcs-vd.ch\/blog\/wp-content\/uploads\/2023\/07\/0323_VD_high.pdf\">\u00e7a roule ! mars 2023<\/a><a href=\"https:\/\/tcs-vd.ch\/blog\/wp-content\/uploads\/2023\/07\/0323_VD_high.pdf\" class=\"wp-block-file__button wp-element-button\" download aria-describedby=\"wp-block-file--media-ab752a88-0fd4-44ae-9aa7-4bf6301e9e4b\">T\u00e9l\u00e9charger<\/a><\/div>\n","protected":false},"excerpt":{"rendered":"<p>La derni\u00e8re \u00e9dition en version e-paper. Bonne lecture! Archives<\/p>\n","protected":false},"author":7,"featured_media":0,"parent":0,"menu_order":0,"comment_status":"closed","ping_status":"closed","template":"","meta":{"jetpack_post_was_ever_published":false,"footnotes":""},"class_list":["post-3158","page","type-page","status-publish","hentry"],"yoast_head":"<!-- This site is optimized with the Yoast SEO plugin v27.5 - https:\/\/yoast.com\/product\/yoast-seo-wordpress\/ -->\n<title>\u00e7a roule ! &#8226; E-paper<\/title>\n<meta name=\"description\" content=\"La derni\u00e8re \u00e9dition du \u00e7a roule ! en version e-paper. Bonne lecture !\" \/>\n<meta name=\"robots\" content=\"index, follow, max-snippet:-1, max-image-preview:large, max-video-preview:-1\" \/>\n<link rel=\"canonical\" href=\"https:\/\/tcs-vd.ch\/blog\/e-paper\/\" \/>\n<meta property=\"og:locale\" content=\"fr_FR\" \/>\n<meta property=\"og:type\" content=\"article\" \/>\n<meta property=\"og:title\" content=\"\u00e7a roule ! &#8226; E-paper\" \/>\n<meta property=\"og:description\" content=\"La derni\u00e8re \u00e9dition du \u00e7a roule ! en version e-paper. Bonne lecture !\" \/>\n<meta property=\"og:url\" content=\"https:\/\/tcs-vd.ch\/blog\/e-paper\/\" \/>\n<meta property=\"og:site_name\" content=\"\u00e7a roule !\" \/>\n<meta property=\"article:publisher\" content=\"https:\/\/www.facebook.com\/TCS.Vaud\/\" \/>\n<meta property=\"article:modified_time\" content=\"2026-04-27T15:02:31+00:00\" \/>\n<meta name=\"twitter:card\" content=\"summary_large_image\" \/>\n<meta name=\"twitter:label1\" content=\"Dur\u00e9e de lecture estim\u00e9e\" \/>\n\t<meta name=\"twitter:data1\" content=\"1 minute\" \/>\n<script type=\"application\/ld+json\" class=\"yoast-schema-graph\">{\"@context\":\"https:\\\/\\\/schema.org\",\"@graph\":[{\"@type\":\"WebPage\",\"@id\":\"https:\\\/\\\/tcs-vd.ch\\\/blog\\\/e-paper\\\/\",\"url\":\"https:\\\/\\\/tcs-vd.ch\\\/blog\\\/e-paper\\\/\",\"name\":\"\u00e7a roule ! &#8226; E-paper\",\"isPartOf\":{\"@id\":\"https:\\\/\\\/tcs-vd.ch\\\/blog\\\/#website\"},\"datePublished\":\"2023-06-30T12:22:47+00:00\",\"dateModified\":\"2026-04-27T15:02:31+00:00\",\"description\":\"La derni\u00e8re \u00e9dition du \u00e7a roule ! en version e-paper. Bonne lecture !\",\"breadcrumb\":{\"@id\":\"https:\\\/\\\/tcs-vd.ch\\\/blog\\\/e-paper\\\/#breadcrumb\"},\"inLanguage\":\"fr-FR\",\"potentialAction\":[{\"@type\":\"ReadAction\",\"target\":[\"https:\\\/\\\/tcs-vd.ch\\\/blog\\\/e-paper\\\/\"]}]},{\"@type\":\"BreadcrumbList\",\"@id\":\"https:\\\/\\\/tcs-vd.ch\\\/blog\\\/e-paper\\\/#breadcrumb\",\"itemListElement\":[{\"@type\":\"ListItem\",\"position\":1,\"name\":\"Accueil\",\"item\":\"https:\\\/\\\/tcs-vd.ch\\\/blog\\\/\"},{\"@type\":\"ListItem\",\"position\":2,\"name\":\"E-paper\"}]},{\"@type\":\"WebSite\",\"@id\":\"https:\\\/\\\/tcs-vd.ch\\\/blog\\\/#website\",\"url\":\"https:\\\/\\\/tcs-vd.ch\\\/blog\\\/\",\"name\":\"blog du TCS Vaud\",\"description\":\"Section vaudoise -Blog \",\"publisher\":{\"@id\":\"https:\\\/\\\/tcs-vd.ch\\\/blog\\\/#organization\"},\"potentialAction\":[{\"@type\":\"SearchAction\",\"target\":{\"@type\":\"EntryPoint\",\"urlTemplate\":\"https:\\\/\\\/tcs-vd.ch\\\/blog\\\/?s={search_term_string}\"},\"query-input\":{\"@type\":\"PropertyValueSpecification\",\"valueRequired\":true,\"valueName\":\"search_term_string\"}}],\"inLanguage\":\"fr-FR\"},{\"@type\":\"Organization\",\"@id\":\"https:\\\/\\\/tcs-vd.ch\\\/blog\\\/#organization\",\"name\":\"TCS Vaud\",\"url\":\"https:\\\/\\\/tcs-vd.ch\\\/blog\\\/\",\"logo\":{\"@type\":\"ImageObject\",\"inLanguage\":\"fr-FR\",\"@id\":\"https:\\\/\\\/tcs-vd.ch\\\/blog\\\/#\\\/schema\\\/logo\\\/image\\\/\",\"url\":\"https:\\\/\\\/tcs-vd.ch\\\/blog\\\/wp-content\\\/uploads\\\/2021\\\/08\\\/Blog-TCS-Vaud-1-edited.jpg\",\"contentUrl\":\"https:\\\/\\\/tcs-vd.ch\\\/blog\\\/wp-content\\\/uploads\\\/2021\\\/08\\\/Blog-TCS-Vaud-1-edited.jpg\",\"width\":800,\"height\":534,\"caption\":\"TCS Vaud\"},\"image\":{\"@id\":\"https:\\\/\\\/tcs-vd.ch\\\/blog\\\/#\\\/schema\\\/logo\\\/image\\\/\"},\"sameAs\":[\"https:\\\/\\\/www.facebook.com\\\/TCS.Vaud\\\/\",\"https:\\\/\\\/www.instagram.com\\\/tcssectionvaudoise\",\"https:\\\/\\\/www.linkedin.com\\\/company\\\/tcs-section-vaudoise\"]}]}<\/script>\n<!-- \/ Yoast SEO plugin. -->","yoast_head_json":{"title":"\u00e7a roule ! &#8226; E-paper","description":"La derni\u00e8re \u00e9dition du \u00e7a roule ! en version e-paper. Bonne lecture !","robots":{"index":"index","follow":"follow","max-snippet":"max-snippet:-1","max-image-preview":"max-image-preview:large","max-video-preview":"max-video-preview:-1"},"canonical":"https:\/\/tcs-vd.ch\/blog\/e-paper\/","og_locale":"fr_FR","og_type":"article","og_title":"\u00e7a roule ! &#8226; E-paper","og_description":"La derni\u00e8re \u00e9dition du \u00e7a roule ! en version e-paper. Bonne lecture !","og_url":"https:\/\/tcs-vd.ch\/blog\/e-paper\/","og_site_name":"\u00e7a roule !","article_publisher":"https:\/\/www.facebook.com\/TCS.Vaud\/","article_modified_time":"2026-04-27T15:02:31+00:00","twitter_card":"summary_large_image","twitter_misc":{"Dur\u00e9e de lecture estim\u00e9e":"1 minute"},"schema":{"@context":"https:\/\/schema.org","@graph":[{"@type":"WebPage","@id":"https:\/\/tcs-vd.ch\/blog\/e-paper\/","url":"https:\/\/tcs-vd.ch\/blog\/e-paper\/","name":"\u00e7a roule ! &#8226; E-paper","isPartOf":{"@id":"https:\/\/tcs-vd.ch\/blog\/#website"},"datePublished":"2023-06-30T12:22:47+00:00","dateModified":"2026-04-27T15:02:31+00:00","description":"La derni\u00e8re \u00e9dition du \u00e7a roule ! en version e-paper. Bonne lecture !","breadcrumb":{"@id":"https:\/\/tcs-vd.ch\/blog\/e-paper\/#breadcrumb"},"inLanguage":"fr-FR","potentialAction":[{"@type":"ReadAction","target":["https:\/\/tcs-vd.ch\/blog\/e-paper\/"]}]},{"@type":"BreadcrumbList","@id":"https:\/\/tcs-vd.ch\/blog\/e-paper\/#breadcrumb","itemListElement":[{"@type":"ListItem","position":1,"name":"Accueil","item":"https:\/\/tcs-vd.ch\/blog\/"},{"@type":"ListItem","position":2,"name":"E-paper"}]},{"@type":"WebSite","@id":"https:\/\/tcs-vd.ch\/blog\/#website","url":"https:\/\/tcs-vd.ch\/blog\/","name":"blog du TCS Vaud","description":"Section vaudoise -Blog ","publisher":{"@id":"https:\/\/tcs-vd.ch\/blog\/#organization"},"potentialAction":[{"@type":"SearchAction","target":{"@type":"EntryPoint","urlTemplate":"https:\/\/tcs-vd.ch\/blog\/?s={search_term_string}"},"query-input":{"@type":"PropertyValueSpecification","valueRequired":true,"valueName":"search_term_string"}}],"inLanguage":"fr-FR"},{"@type":"Organization","@id":"https:\/\/tcs-vd.ch\/blog\/#organization","name":"TCS Vaud","url":"https:\/\/tcs-vd.ch\/blog\/","logo":{"@type":"ImageObject","inLanguage":"fr-FR","@id":"https:\/\/tcs-vd.ch\/blog\/#\/schema\/logo\/image\/","url":"https:\/\/tcs-vd.ch\/blog\/wp-content\/uploads\/2021\/08\/Blog-TCS-Vaud-1-edited.jpg","contentUrl":"https:\/\/tcs-vd.ch\/blog\/wp-content\/uploads\/2021\/08\/Blog-TCS-Vaud-1-edited.jpg","width":800,"height":534,"caption":"TCS Vaud"},"image":{"@id":"https:\/\/tcs-vd.ch\/blog\/#\/schema\/logo\/image\/"},"sameAs":["https:\/\/www.facebook.com\/TCS.Vaud\/","https:\/\/www.instagram.com\/tcssectionvaudoise","https:\/\/www.linkedin.com\/company\/tcs-section-vaudoise"]}]}},"jetpack_sharing_enabled":true,"_links":{"self":[{"href":"https:\/\/tcs-vd.ch\/blog\/wp-json\/wp\/v2\/pages\/3158","targetHints":{"allow":["GET"]}}],"collection":[{"href":"https:\/\/tcs-vd.ch\/blog\/wp-json\/wp\/v2\/pages"}],"about":[{"href":"https:\/\/tcs-vd.ch\/blog\/wp-json\/wp\/v2\/types\/page"}],"author":[{"embeddable":true,"href":"https:\/\/tcs-vd.ch\/blog\/wp-json\/wp\/v2\/users\/7"}],"replies":[{"embeddable":true,"href":"https:\/\/tcs-vd.ch\/blog\/wp-json\/wp\/v2\/comments?post=3158"}],"version-history":[{"count":43,"href":"https:\/\/tcs-vd.ch\/blog\/wp-json\/wp\/v2\/pages\/3158\/revisions"}],"predecessor-version":[{"id":5632,"href":"https:\/\/tcs-vd.ch\/blog\/wp-json\/wp\/v2\/pages\/3158\/revisions\/5632"}],"wp:attachment":[{"href":"https:\/\/tcs-vd.ch\/blog\/wp-json\/wp\/v2\/media?parent=3158"}],"curies":[{"name":"wp","href":"https:\/\/api.w.org\/{rel}","templated":true}]}}